{"id":15,"date":"2022-02-07T20:45:47","date_gmt":"2022-02-07T20:45:47","guid":{"rendered":"https:\/\/annegrettully.com\/?page_id=15"},"modified":"2026-01-13T09:07:36","modified_gmt":"2026-01-13T09:07:36","slug":"termine","status":"publish","type":"page","link":"https:\/\/annegrettully.com\/?page_id=15","title":{"rendered":"Termine"},"content":{"rendered":"\n<p>31|01|2026 <strong>Staatskapelle Weimar<\/strong><br>Kiss me, Kate!<\/p>\n\n\n\n<p>22|01|2026 <strong>sonic.art quartet<\/strong><\/p>\n\n\n\n<p>21|01|2026 <strong>Musica Nova Gewandhaus<\/strong><br>Erwin Schulhoff: Hot Sonate<\/p>\n\n\n\n<p>17|01|2026 <strong>Nieders\u00e4chsische Staatsoper<\/strong><br>Anything Goes<\/p>\n\n\n\n<p>16|01|2026 <strong>Staatskapelle Weimar<\/strong><br>Kiss me, Kate!<\/p>\n\n\n\n<p>09|01|2026 <strong>Staatskapelle Weimar<\/strong><br>Viktor Ullmann: Der zerbrochene Krug<\/p>\n\n\n\n<p>01|01|2026 <strong>Nieders\u00e4chsische Staatsoper<\/strong><br>Neujahrskonzert<\/p>\n\n\n\n<p>31|12|2025 <strong>Nieders\u00e4chsische Staatsoper<\/strong><br>Anything Goes<\/p>\n\n\n\n<p>26|12|2025 <strong>Staatskapelle Weimar<\/strong><br>Kiss me, Kate!<\/p>\n\n\n\n<p>19|12|2025 <strong>Staatskapelle Weimar<\/strong><br>Viktor Ullmann: Der zerbrochene Krug<\/p>\n\n\n\n<p>18|12|2025 <strong>Nieders\u00e4chsische Staatsoper<\/strong><br>Anything Goes<\/p>\n\n\n\n<p>14|12|2025 <strong>Babylon Orchester<\/strong><br>Modern Times<\/p>\n\n\n\n<p>12|12|2025 <strong>Staatskapelle Weimar<\/strong><br>Kiss me, Kate!<\/p>\n\n\n\n<p>07|12|2025 <strong>Staatskapelle Weimar<\/strong><br>Drei Haseln\u00fcsse f\u00fcr Aschenbr\u00f6del<\/p>\n\n\n\n<p>06|12|2025 <strong>Staatskapelle Weimar<\/strong><br>Drei Haseln\u00fcsse f\u00fcr Aschenbr\u00f6del<\/p>\n\n\n\n<p>30|11|2025 <strong>Staatskapelle Weimar<\/strong><br>Kiss me, Kate!<\/p>\n\n\n\n<p>28|11|2025 <strong>Nieders\u00e4chsische Staatsoper<\/strong><br>Anything Goes<\/p>\n\n\n\n<p>16|11|2025 <strong>Staatskapelle Weimar<\/strong><br>Viktor Ullmann: Der zerbrochene Krug<\/p>\n\n\n\n<p>08|11|2025 <strong>sonic.art quartet<\/strong><br>N\u00fcrnberger Sinfoniker &#8211; Bob Mintzer<\/p>\n\n\n\n<p>24|10|2025 <strong>Staatskapelle Weimar<\/strong><br>Viktor Ullmann: Der zerbrochene Krug<\/p>\n\n\n\n<p>08|10|2025 <strong>sonic.art quartet<\/strong><br>Linz<\/p>\n\n\n\n<p>20|09|2025 <strong>sonic.art quartet<\/strong><br>WestfalenClassics<\/p>\n\n\n\n<p>19|09|2025 <strong>NDR Radiophiharmonie Hannover<\/strong><\/p>\n\n\n\n<p>06|09|2025 <strong>sonic.art quartet<\/strong><br>Centre Bagatelle: Berlin: Die Sinfonie der Gro\u00dfstadt<\/p>\n\n\n\n<p>26|07|2025 <strong>Deutsche Oper<\/strong><br>Aufstieg und Fall der Stadt Mahagonny<br>24|07|2025 <strong>Deutsche Oper<\/strong><br>Aufstieg und Fall der Stadt Mahagonny<br>22|07|2025 <strong>Deutsche Oper<\/strong><br>Aufstieg und Fall der Stadt Mahagonny<br>20|07|2025 <strong>Deutsche Oper<\/strong><br>Aufstieg und Fall der Stadt Mahagonny<br>17|07|2025 <strong>Deutsche Oper<\/strong><br>Aufstieg und Fall der Stadt Mahagonny<\/p>\n\n\n\n<p>21|06|2025 <strong>Nieders\u00e4chsische Staatsoper<\/strong><br>Chicago<br>07|06|2025 <strong>Nieders\u00e4chsische Staatsoper<\/strong><br>Chicago<\/p>\n\n\n\n<p>03|06|2025 <strong>sonic.art quartet<\/strong><br><a href=\"https:\/\/theater.hameln.de\/spielplan\/konzert\/6-hamelner-konzert-dewezet-classics\">Hameln Theater<\/a><\/p>\n\n\n\n<p>01|06|2025 <strong>Nieders\u00e4chsische Staatsoper<\/strong><br>Chicago<br>24|05|2025 <strong>Nieders\u00e4chsische Staatsoper<\/strong><br>Chicago<\/p>\n\n\n\n<p>17|05|2025 <strong>Babylonorchester Berlin<\/strong><br>Charlie Chaplin: Modern times<br><br>16|05|2025 <strong>Nieders\u00e4chsische Staatsoper<\/strong><br>Chicago<\/p>\n\n\n\n<p>11|05|2025 <strong>Staatskapelle Weimar<\/strong><br>Philip Venables &#8218;Animal Farm&#8216;<\/p>\n\n\n\n<p>10|05|2025 <strong>Staatskapelle Weimar<\/strong><br>Weinberg &#8218;Die Passagierin&#8216;<br>25|04|2025 <strong>Staatskapelle Weimar<\/strong><br>Weinberg &#8218;Die Passagierin&#8216;<br>11|04|2025 <strong>Staatskapelle Weimar<\/strong><br>Weinberg &#8218;Die Passagierin&#8216;<\/p>\n\n\n\n<p>27|04|2025 <strong>Babylonorchester Berlin<\/strong><br>Charlie Chaplin: City Lights<\/p>\n\n\n\n<p>25|04|2025 <strong>Gewandhausorchester Leipzig<\/strong><br>Der holzgeschnitzte Prinz<br>24|04|2025 <strong>Gewandhausorchester Leipzig<\/strong><br>Bartok &#8218;Der holzgeschnitzte Prinz&#8216;<\/p>\n\n\n\n<p>08|04|2025 <strong>sonic.art quartet<\/strong><br>Unerh\u00f6rte Musik Berlin<\/p>\n\n\n\n<p>23|03|2025 <strong>Babylonorchester Berlin<\/strong><br>Charlie Chaplin: Modern Times<\/p>\n\n\n\n<p>05|03|2025 <strong>Deutsche Oper<\/strong><br>Nixon in China<br>02|03|2025 <strong>Deutsche Oper<\/strong><br>Nixon in China<br>28|02|2025 <strong>Deutsche Oper<\/strong><br>Nixon in China<\/p>\n\n\n\n<p>02|09|2025 <strong>Babylonorchester Berlin<\/strong><br>Charlie Chaplin: City Lights<br>18|01|2025 <strong>Babylonorchester Berlin<\/strong><br>Charlie Chaplin: The Circus<\/p>\n\n\n\n<p>17|01|2025 <strong>Nieders\u00e4chsische Staatsoper<\/strong><br>Chicago<br>12|01|2025 <strong>Nieders\u00e4chsische Staatsoper<\/strong><br>Chicago<\/p>\n\n\n\n<p>11|01|2025 <strong>sonic.art quartet<\/strong><br><a href=\"https:\/\/www.stadttheater-aschaffenburg.de\/veranstaltung\/sonic-art-saxophonquartett\/\">Aschaffenburg<\/a> Stadttheater<\/p>\n\n\n\n<p>04|01|2025 <strong>Nieders\u00e4chsische Staatsoper<\/strong><br>Chicago<br>31|12|2024 <strong>Nieders\u00e4chsische Staatsoper<\/strong><br>Chicago<\/p>\n\n\n\n<p>29|12|2024 <strong>Babylonorchester Berlin<\/strong><br>Charlie Chaplin: The Circus\/City Lights<br>28|12|2024 <strong>Babylonorchester Berlin<\/strong><br>Charlie Chaplin: Modern Times<\/p>\n\n\n\n<p>21|12|2024 <strong>Hofer Symphoniker<\/strong><br>Drei Haseln\u00fcsse f\u00fcr Aschenbr\u00f6del<br><br>19|12|2024 <strong>Nieders\u00e4chsische Staatsoper<\/strong><br>Chicago<br>11|12|2024 <strong>Nieders\u00e4chsische Staatsoper<\/strong><br>Chicago<br>06|12|2024 <strong>Nieders\u00e4chsische Staatsoper<\/strong><br>Chicago<\/p>\n\n\n\n<p>27|11|2024 <strong>sonic.art quartet<\/strong><br>Leipzig Gewandhaus: <a href=\"https:\/\/www.gewandhausorchester.de\/veranstaltung\/musica-nova-8469\/\">Musica Nova<\/a><\/p>\n\n\n\n<p>23|10|2025 <strong>sonic.art quartet<\/strong><br>Wien: <a href=\"https:\/\/muth.at\/en\/programme\/sonic-art-saxophonquartett-2024-10-23-2\/\">KinoKonzert<\/a><\/p>\n\n\n\n<p>05|10|2025 <strong>sonic.art quartet<\/strong><br>Winterthur: sonic art &amp; The Zurich Chamber Singers<br>record release: <a href=\"https:\/\/youtu.be\/QiCflSy-7C4?feature=shared\">Paul Mealor &#8218;The Lights of Paradise&#8216;<\/a><\/p>\n\n\n\n<p>31|08|2024 <strong>Deutsche Oper Berlin<\/strong><br>Er\u00f6ffnungskonzert<\/p>\n\n\n\n<p>17|08|2024 <strong><a href=\"https:\/\/www.ardmediathek.de\/video\/wdr-klassik\/das-nrw-sommerkonzert-2024\/wdr\/Y3JpZDovL3dkci5kZS9CZWl0cmFnLXNvcGhvcmEtMzFlMmFkOTQtZGM1Ny00OTZlLWJkMjEtYjY2NTg2OWJmZmYz\">NRW-Sommerkonzert<\/a><\/strong><br>Glass: Concerto, K\u00fcnneke: T\u00e4nzerische Suite<\/p>\n\n\n\n<p>12|07|2024 <strong>Deutsche Oper Berlin<\/strong><br>Adams: Nixon in China<br>10|07|2024 <strong>Deutsche Oper Berlin<\/strong><br>Adams: Nixon in China<\/p>\n\n\n\n<p>07|07|2024 <strong>sonic.art quartet<\/strong><br>Merseburg Dommusiken<br><br>04|07|2024 <strong>Deutsche Oper Berlin<\/strong><br>Adams: Nixon in China<\/p>\n\n\n\n<p>30|06|2025 <strong>Berliner Ensemble<\/strong><br>Dreigroschenoper<\/p>\n\n\n\n<p>28|06|2024 <strong>Deutsche Oper Berlin<\/strong><br>Adams: Nixon in China<br>22|06|2024 <strong>Deutsche Oper Berlin<\/strong><br>Adams: Nixon in China<\/p>\n\n\n\n<p>08|06|2024 <strong>sonic.art quartet<\/strong><br>Ludwigslust<\/p>\n\n\n\n<p>01|06|2024 <strong>sonic.art quartet<\/strong><br>Intersonanzen Potsdam<\/p>\n\n\n\n<p>19|05|2024 <strong>sonic.art quartet<\/strong><br>Buckow<\/p>\n\n\n\n<p>12|05|2024 <strong>sonic.art quartet<\/strong><br>Achern, Alte Kirche Fautenbach<\/p>\n\n\n\n<p>09|05|2024 <strong>sonic.art quartet<\/strong><br>Naumburg<\/p>\n\n\n\n<p>28|04|2024 <strong>Konzerthausorchester<\/strong><br>27|04|2024 <strong>Konzerthausorchester<\/strong><br>26|04|2024 <strong>Konzerthausorchester<\/strong><\/p>\n\n\n\n<p>14|04|2024 <strong>sonic.art quartet<\/strong><br>Schweinfurt, KinoKonzert<\/p>\n\n\n\n<p>23|03|2024 <strong>Nieders\u00e4chsisches Staatsorchester Hannover<\/strong><br>Milhaud: La Creation du monde<\/p>\n\n\n\n<p>13|03|2024 <strong>Ensemble Avantgarde<\/strong><br>Leipzig Gewandhaus, Musica Nova<br>Werke von Katzer, Schleiermacher, M\u00fcller<\/p>\n\n\n\n<p>23|02|2024 <strong>Berliner Philharmoniker<\/strong>, Hamburg<br>19|02|2024 <strong>Berliner Philharmoniker<\/strong>, Wien<br>16|02|2024 <strong>Berliner Philharmoniker<\/strong>, Berlin<br>15|02|2024 <strong>Berliner Philharmoniker<\/strong>, Berlin<br>14|02|2024 <strong>Berliner Philharmoniker<\/strong>, Berlin<br><br>10|03|2024 <strong>Babylon Orchester Berlin<\/strong><br>Charlie Chaplin: City Lights<br><br>29|01|2024 <strong>sonic.art &amp; The Zurich Chamber Singers<\/strong><br>Hamburg, Elbphilharmonie<br>Paul Mealor &#8218;The Light of Paradise&#8216;<\/p>\n\n\n\n<p>27|01|2024 <strong>sonic.art &amp; The Zurich Chamber Singers<\/strong><br>Z\u00fcrich, Fraum\u00fcnster<br>Paul Mealor &#8218;The Light of Paradise&#8216;<\/p>\n\n\n\n<p>24|01|2024 <strong>sonic.art &amp; The Zurich Chamber Singers<\/strong><br>Stuttgart, Stiftskirche<br>Paul Mealor &#8218;The Light of Paradise&#8216;<\/p>\n\n\n\n<p>19|01|2024 <strong>sonic.art &amp; The Zurich Chamber Singers<\/strong><br>Arbon, Dietschweiler Saal<br>Paul Mealor &#8218;The Light of Paradise&#8216;<\/p>\n\n\n\n<p>14|01|2024 <strong>sonic.art &amp; The Zurich Chamber Singers<\/strong><br>Schaffhausen, Rathauslaube<br>Paul Mealor &#8218;The Light of Paradise&#8216;<\/p>\n\n\n\n<p>08|01|2024 <strong>Staatskapelle Weimar<\/strong><br>07|01|2024 <strong>Staatskapelle Weimar<\/strong><br>Shostakovich Jazz Suite<\/p>\n\n\n\n<p><\/p>\n\n\n\n<p><\/p>\n\n\n\n<p><\/p>\n","protected":false},"excerpt":{"rendered":"<p>31|01|2026 Staatskapelle WeimarKiss me, Kate! 22|01|2026 sonic.art quartet 21|01|2026 Musica Nova GewandhausErwin Schulhoff: Hot Sonate 17|01|2026 Nieders\u00e4chsische StaatsoperAnything Goes 16|01|2026 Staatskapelle WeimarKiss me, Kate! 09|01|2026 Staatskapelle WeimarViktor Ullmann: Der zerbrochene Krug 01|01|2026 Nieders\u00e4chsische StaatsoperNeujahrskonzert 31|12|2025 Nieders\u00e4chsische StaatsoperAnything Goes 26|12|2025 Staatskapelle WeimarKiss me, Kate! 19|12|2025 Staatskapelle WeimarViktor Ullmann: Der zerbrochene Krug 18|12|2025 Nieders\u00e4chsische StaatsoperAnything Goes 14|12|2025 &#8230;<\/p>\n","protected":false},"author":1,"featured_media":0,"parent":0,"menu_order":0,"comment_status":"closed","ping_status":"closed","template":"","meta":{"footnotes":""},"class_list":["post-15","page","type-page","status-publish","hentry"],"jetpack_sharing_enabled":true,"_links":{"self":[{"href":"https:\/\/annegrettully.com\/index.php?rest_route=\/wp\/v2\/pages\/15","targetHints":{"allow":["GET"]}}],"collection":[{"href":"https:\/\/annegrettully.com\/index.php?rest_route=\/wp\/v2\/pages"}],"about":[{"href":"https:\/\/annegrettully.com\/index.php?rest_route=\/wp\/v2\/types\/page"}],"author":[{"embeddable":true,"href":"https:\/\/annegrettully.com\/index.php?rest_route=\/wp\/v2\/users\/1"}],"replies":[{"embeddable":true,"href":"https:\/\/annegrettully.com\/index.php?rest_route=%2Fwp%2Fv2%2Fcomments&post=15"}],"version-history":[{"count":88,"href":"https:\/\/annegrettully.com\/index.php?rest_route=\/wp\/v2\/pages\/15\/revisions"}],"predecessor-version":[{"id":481,"href":"https:\/\/annegrettully.com\/index.php?rest_route=\/wp\/v2\/pages\/15\/revisions\/481"}],"wp:attachment":[{"href":"https:\/\/annegrettully.com\/index.php?rest_route=%2Fwp%2Fv2%2Fmedia&parent=15"}],"curies":[{"name":"wp","href":"https:\/\/api.w.org\/{rel}","templated":true}]}}